{"id":17325,"date":"2021-03-03T10:56:25","date_gmt":"2021-03-03T09:56:25","guid":{"rendered":"https:\/\/carolaortiz.com\/bio\/"},"modified":"2025-11-04T11:57:12","modified_gmt":"2025-11-04T10:57:12","slug":"bio-3-2","status":"publish","type":"page","link":"https:\/\/carolaortiz.com\/en\/bio-3-2\/","title":{"rendered":"Bio"},"content":{"rendered":"\t\t<div data-elementor-type=\"wp-post\" data-elementor-id=\"17325\" class=\"elementor elementor-17325 elementor-14607\">\n\t\t\t\t\t\t<section class=\"elementor-section elementor-top-section elementor-element elementor-element-66c7983 elementor-section-full_width elementor-section-height-min-height elementor-section-items-stretch elementor-reverse-tablet elementor-reverse-mobile elementor-section-height-default neuron-fixed-no\" data-id=\"66c7983\" data-element_type=\"section\">\n\t\t\t\t\t\t<div class=\"elementor-container elementor-column-gap-no\">\n\t\t\t\t\t<div class=\"elementor-column elementor-col-50 elementor-top-column elementor-element elementor-element-e64bfc3\" data-id=\"e64bfc3\" data-element_type=\"column\" data-settings=\"{&quot;background_background&quot;:&quot;classic&quot;}\">\n\t\t\t<div class=\"elementor-widget-wrap elementor-element-populated\">\n\t\t\t\t\t\t<section class=\"elementor-section elementor-inner-section elementor-element elementor-element-3485ebb elementor-section-boxed elementor-section-height-default elementor-section-height-default neuron-fixed-no\" data-id=\"3485ebb\" data-element_type=\"section\">\n\t\t\t\t\t\t<div class=\"elementor-container elementor-column-gap-default\">\n\t\t\t\t\t<div class=\"elementor-column elementor-col-100 elementor-inner-column elementor-element elementor-element-fbb3aeb\" data-id=\"fbb3aeb\" data-element_type=\"column\">\n\t\t\t<div class=\"elementor-widget-wrap elementor-element-populated\">\n\t\t\t\t\t\t<div class=\"elementor-element elementor-element-b108d7e elementor-widget elementor-widget-spacer\" data-id=\"b108d7e\" data-element_type=\"widget\" data-widget_type=\"spacer.default\">\n\t\t\t\t<div class=\"elementor-widget-container\">\n\t\t\t\t\t\t\t<div class=\"elementor-spacer\">\n\t\t\t<div class=\"elementor-spacer-inner\"><\/div>\n\t\t<\/div>\n\t\t\t\t\t\t<\/div>\n\t\t\t\t<\/div>\n\t\t\t\t<div class=\"elementor-element elementor-element-b2c9d25 elementor-widget elementor-widget-heading\" data-id=\"b2c9d25\" data-element_type=\"widget\" data-widget_type=\"heading.default\">\n\t\t\t\t<div class=\"elementor-widget-container\">\n\t\t\t\t\t<h3 class=\"elementor-heading-title elementor-size-default\">Biography<\/h3>\t\t\t\t<\/div>\n\t\t\t\t<\/div>\n\t\t\t\t<div class=\"elementor-element elementor-element-bb4cf3d elementor-widget elementor-widget-text-editor\" data-id=\"bb4cf3d\" data-element_type=\"widget\" data-widget_type=\"text-editor.default\">\n\t\t\t\t<div class=\"elementor-widget-container\">\n\t\t\t\t\t\t\t\t\t<p><strong>Carola Ortiz<\/strong><\/p><p>Daughter of a jazz musician and a mother connected to the theater, Carola Ortiz (Terrassa, 1986) is an artist from Terrassa who defines herself as a multifaceted creator and researcher. Trained in classical clarinet and jazz singing at ESMUC, since 2009 she has led musical projects that always begin from an artistic and vital challenge. Her boundless curiosity has led her to naturally and freely fuse the improvisation she absorbed in the jazz clubs where she grew up, the discipline acquired at the Conservatory of Terrassa, and the rhythmic and melodic strength of her Iberian roots. At the same time, she has incorporated influences from the music of the Eastern Mediterranean and India, the result of her numerous travels and stays in those regions.<\/p><p>As a composer and producer, she has released five albums (&#8220;Sirin&#8221;, 2016; &#8220;Spirala&#8221;, 2018; &#8220;Pecata Beata&#8221;, 2021; &#8220;Cantareras&#8221;, 2023; and &#8220;Enll\u00e0&#8221;, 2025) and has brought her music to stages in more than twenty countries, performing in clubs, theaters, and international festivals. Her work has been recognized by national and international critics, including the Premi N\u00favol for Best Song Album (2021) and mentions in prestigious annual lists such as those of Ted Gioia and the World Music Charts Europe.<\/p><p>Carola Ortiz has been a member of the Iberian percussion orchestra Coetus and has shared the stage with renowned artists such as Xabier D\u00edaz, Eliseo Parra, Roc\u00edo M\u00e1rquez, Ra\u00fcl Refree, Rosal\u00eda, S\u00edlvia P\u00e9rez Cruz, Llu\u00eds Vidal, Marco Mezquida, Roger Mas, as well as international figures like Debhashish Bhattacharya, The Mingus Orchestra, and Maria Schneider.<\/p><p>With more than thirty recording collaborations across various genres, she has also contributed her voice and clarinet to theater works, musical performances, and documentaries. In the field of education, she has taught at ESEM of the Taller de M\u00fasics and at ESMUC, as well as giving workshops and private lessons.<\/p>\t\t\t\t\t\t\t\t<\/div>\n\t\t\t\t<\/div>\n\t\t\t\t<div class=\"elementor-element elementor-element-98e9dc2 elementor-widget__width-auto elementor-view-default elementor-widget elementor-widget-icon\" data-id=\"98e9dc2\" data-element_type=\"widget\" data-widget_type=\"icon.default\">\n\t\t\t\t<div class=\"elementor-widget-container\">\n\t\t\t\t\t\t\t<div class=\"elementor-icon-wrapper\">\n\t\t\t<div class=\"elementor-icon\">\n\t\t\t<i aria-hidden=\"true\" class=\"fas fa-external-link-alt\"><\/i>\t\t\t<\/div>\n\t\t<\/div>\n\t\t\t\t\t\t<\/div>\n\t\t\t\t<\/div>\n\t\t\t\t<div class=\"elementor-element elementor-element-3904ab5 elementor-widget__width-auto elementor-widget elementor-widget-heading\" data-id=\"3904ab5\" data-element_type=\"widget\" data-widget_type=\"heading.default\">\n\t\t\t\t<div class=\"elementor-widget-container\">\n\t\t\t\t\t<span class=\"elementor-heading-title elementor-size-default\"><a href=\"https:\/\/es.wikipedia.org\/wiki\/Carola_Ortiz\" target=\"_blank\">+ info a Wikipedia.com<\/a><\/span>\t\t\t\t<\/div>\n\t\t\t\t<\/div>\n\t\t\t\t\t<\/div>\n\t\t<\/div>\n\t\t\t\t\t<\/div>\n\t\t<\/section>\n\t\t\t\t\t<\/div>\n\t\t<\/div>\n\t\t\t\t<div class=\"elementor-column elementor-col-50 elementor-top-column elementor-element elementor-element-306ee07\" data-id=\"306ee07\" data-element_type=\"column\" data-settings=\"{&quot;background_background&quot;:&quot;classic&quot;}\">\n\t\t\t<div class=\"elementor-widget-wrap elementor-element-populated\">\n\t\t\t\t\t\t<div class=\"elementor-element elementor-element-81c77a6 elementor-widget elementor-widget-spacer\" data-id=\"81c77a6\" data-element_type=\"widget\" data-widget_type=\"spacer.default\">\n\t\t\t\t<div class=\"elementor-widget-container\">\n\t\t\t\t\t\t\t<div class=\"elementor-spacer\">\n\t\t\t<div class=\"elementor-spacer-inner\"><\/div>\n\t\t<\/div>\n\t\t\t\t\t\t<\/div>\n\t\t\t\t<\/div>\n\t\t\t\t\t<\/div>\n\t\t<\/div>\n\t\t\t\t\t<\/div>\n\t\t<\/section>\n\t\t\t\t<\/div>\n\t\t","protected":false},"excerpt":{"rendered":"<p>Biography Carola Ortiz Daughter of a jazz musician and a mother connected to the theater, Carola Ortiz (Terrassa,&#8230;<\/p>\n","protected":false},"author":1,"featured_media":0,"parent":0,"menu_order":60,"comment_status":"closed","ping_status":"closed","template":"","meta":{"_acf_changed":false,"footnotes":""},"class_list":["post-17325","page","type-page","status-publish","hentry"],"acf":[],"yoast_head":"<!-- This site is optimized with the Yoast SEO plugin v26.2 - https:\/\/yoast.com\/wordpress\/plugins\/seo\/ -->\n<title>Carola Ortiz Official Website | Bio<\/title>\n<meta name=\"description\" content=\"Ms. Ortiz, daughter of a jazz musician and a mother involved in the theatre world, was born on March 15, 1986 in Terrassa. She had a musical upbringing between the Jazz Cava de Terrassa and the Municipal Conservatory of Music. Carola continued her education at the Taller de M\u00fasics and later at the ESMUC, in singing and clarinet.\" \/>\n<meta name=\"robots\" content=\"index, follow, max-snippet:-1, max-image-preview:large, max-video-preview:-1\" \/>\n<link rel=\"canonical\" href=\"https:\/\/carolaortiz.com\/en\/bio-3-2\/\" \/>\n<meta property=\"og:locale\" content=\"en_US\" \/>\n<meta property=\"og:type\" content=\"article\" \/>\n<meta property=\"og:title\" content=\"Carola Ortiz Official Website | Bio\" \/>\n<meta property=\"og:description\" content=\"Ms. Ortiz, daughter of a jazz musician and a mother involved in the theatre world, was born on March 15, 1986 in Terrassa. She had a musical upbringing between the Jazz Cava de Terrassa and the Municipal Conservatory of Music. Carola continued her education at the Taller de M\u00fasics and later at the ESMUC, in singing and clarinet.\" \/>\n<meta property=\"og:url\" content=\"https:\/\/carolaortiz.com\/en\/bio-3-2\/\" \/>\n<meta property=\"og:site_name\" content=\"Carola Ortiz Official Website\" \/>\n<meta property=\"article:publisher\" content=\"https:\/\/www.facebook.com\/Carola-Ortiz-Music-792306854153384\/?fref=ts\" \/>\n<meta property=\"article:modified_time\" content=\"2025-11-04T10:57:12+00:00\" \/>\n<meta property=\"og:image\" content=\"https:\/\/carolaortiz.com\/wp-content\/uploads\/2021\/04\/fbimage.png\" \/>\n\t<meta property=\"og:image:width\" content=\"1200\" \/>\n\t<meta property=\"og:image:height\" content=\"628\" \/>\n\t<meta property=\"og:image:type\" content=\"image\/png\" \/>\n<meta name=\"twitter:card\" content=\"summary_large_image\" \/>\n<meta name=\"twitter:description\" content=\"Ms. Ortiz, daughter of a jazz musician and a mother involved in the theatre world, was born on March 15, 1986 in Terrassa. She had a musical upbringing between the Jazz Cava de Terrassa and the Municipal Conservatory of Music. Carola continued her education at the Taller de M\u00fasics and later at the ESMUC, in singing and clarinet.\" \/>\n<meta name=\"twitter:image\" content=\"https:\/\/carolaortiz.com\/wp-content\/uploads\/2021\/04\/fbimage.png\" \/>\n<meta name=\"twitter:label1\" content=\"Est. reading time\" \/>\n\t<meta name=\"twitter:data1\" content=\"2 minutes\" \/>\n<script type=\"application\/ld+json\" class=\"yoast-schema-graph\">{\"@context\":\"https:\/\/schema.org\",\"@graph\":[{\"@type\":\"WebPage\",\"@id\":\"https:\/\/carolaortiz.com\/en\/bio-3-2\/\",\"url\":\"https:\/\/carolaortiz.com\/en\/bio-3-2\/\",\"name\":\"Carola Ortiz Official Website | Bio\",\"isPartOf\":{\"@id\":\"https:\/\/carolaortiz.com\/en\/#website\"},\"datePublished\":\"2021-03-03T09:56:25+00:00\",\"dateModified\":\"2025-11-04T10:57:12+00:00\",\"description\":\"Ms. Ortiz, daughter of a jazz musician and a mother involved in the theatre world, was born on March 15, 1986 in Terrassa. She had a musical upbringing between the Jazz Cava de Terrassa and the Municipal Conservatory of Music. Carola continued her education at the Taller de M\u00fasics and later at the ESMUC, in singing and clarinet.\",\"breadcrumb\":{\"@id\":\"https:\/\/carolaortiz.com\/en\/bio-3-2\/#breadcrumb\"},\"inLanguage\":\"en-US\",\"potentialAction\":[{\"@type\":\"ReadAction\",\"target\":[\"https:\/\/carolaortiz.com\/en\/bio-3-2\/\"]}]},{\"@type\":\"BreadcrumbList\",\"@id\":\"https:\/\/carolaortiz.com\/en\/bio-3-2\/#breadcrumb\",\"itemListElement\":[{\"@type\":\"ListItem\",\"position\":1,\"name\":\"Home\",\"item\":\"https:\/\/carolaortiz.com\/en\/\"},{\"@type\":\"ListItem\",\"position\":2,\"name\":\"Bio\"}]},{\"@type\":\"WebSite\",\"@id\":\"https:\/\/carolaortiz.com\/en\/#website\",\"url\":\"https:\/\/carolaortiz.com\/en\/\",\"name\":\"Carola Ortiz Official Website\",\"description\":\"Singer, clarinet &amp; bass clarinet player, composer &amp; traveler. The catalan singer Carola Ortiz has participated in the recordings of more than twenty albums of different genres, including jazz, pop, rock, world, and experimental.\",\"potentialAction\":[{\"@type\":\"SearchAction\",\"target\":{\"@type\":\"EntryPoint\",\"urlTemplate\":\"https:\/\/carolaortiz.com\/en\/?s={search_term_string}\"},\"query-input\":{\"@type\":\"PropertyValueSpecification\",\"valueRequired\":true,\"valueName\":\"search_term_string\"}}],\"inLanguage\":\"en-US\"}]}<\/script>\n<!-- \/ Yoast SEO plugin. -->","yoast_head_json":{"title":"Carola Ortiz Official Website | Bio","description":"Ms. Ortiz, daughter of a jazz musician and a mother involved in the theatre world, was born on March 15, 1986 in Terrassa. She had a musical upbringing between the Jazz Cava de Terrassa and the Municipal Conservatory of Music. Carola continued her education at the Taller de M\u00fasics and later at the ESMUC, in singing and clarinet.","robots":{"index":"index","follow":"follow","max-snippet":"max-snippet:-1","max-image-preview":"max-image-preview:large","max-video-preview":"max-video-preview:-1"},"canonical":"https:\/\/carolaortiz.com\/en\/bio-3-2\/","og_locale":"en_US","og_type":"article","og_title":"Carola Ortiz Official Website | Bio","og_description":"Ms. Ortiz, daughter of a jazz musician and a mother involved in the theatre world, was born on March 15, 1986 in Terrassa. She had a musical upbringing between the Jazz Cava de Terrassa and the Municipal Conservatory of Music. Carola continued her education at the Taller de M\u00fasics and later at the ESMUC, in singing and clarinet.","og_url":"https:\/\/carolaortiz.com\/en\/bio-3-2\/","og_site_name":"Carola Ortiz Official Website","article_publisher":"https:\/\/www.facebook.com\/Carola-Ortiz-Music-792306854153384\/?fref=ts","article_modified_time":"2025-11-04T10:57:12+00:00","og_image":[{"width":1200,"height":628,"url":"https:\/\/carolaortiz.com\/wp-content\/uploads\/2021\/04\/fbimage.png","type":"image\/png"}],"twitter_card":"summary_large_image","twitter_description":"Ms. Ortiz, daughter of a jazz musician and a mother involved in the theatre world, was born on March 15, 1986 in Terrassa. She had a musical upbringing between the Jazz Cava de Terrassa and the Municipal Conservatory of Music. Carola continued her education at the Taller de M\u00fasics and later at the ESMUC, in singing and clarinet.","twitter_image":"https:\/\/carolaortiz.com\/wp-content\/uploads\/2021\/04\/fbimage.png","twitter_misc":{"Est. reading time":"2 minutes"},"schema":{"@context":"https:\/\/schema.org","@graph":[{"@type":"WebPage","@id":"https:\/\/carolaortiz.com\/en\/bio-3-2\/","url":"https:\/\/carolaortiz.com\/en\/bio-3-2\/","name":"Carola Ortiz Official Website | Bio","isPartOf":{"@id":"https:\/\/carolaortiz.com\/en\/#website"},"datePublished":"2021-03-03T09:56:25+00:00","dateModified":"2025-11-04T10:57:12+00:00","description":"Ms. Ortiz, daughter of a jazz musician and a mother involved in the theatre world, was born on March 15, 1986 in Terrassa. She had a musical upbringing between the Jazz Cava de Terrassa and the Municipal Conservatory of Music. Carola continued her education at the Taller de M\u00fasics and later at the ESMUC, in singing and clarinet.","breadcrumb":{"@id":"https:\/\/carolaortiz.com\/en\/bio-3-2\/#breadcrumb"},"inLanguage":"en-US","potentialAction":[{"@type":"ReadAction","target":["https:\/\/carolaortiz.com\/en\/bio-3-2\/"]}]},{"@type":"BreadcrumbList","@id":"https:\/\/carolaortiz.com\/en\/bio-3-2\/#breadcrumb","itemListElement":[{"@type":"ListItem","position":1,"name":"Home","item":"https:\/\/carolaortiz.com\/en\/"},{"@type":"ListItem","position":2,"name":"Bio"}]},{"@type":"WebSite","@id":"https:\/\/carolaortiz.com\/en\/#website","url":"https:\/\/carolaortiz.com\/en\/","name":"Carola Ortiz Official Website","description":"Singer, clarinet &amp; bass clarinet player, composer &amp; traveler. The catalan singer Carola Ortiz has participated in the recordings of more than twenty albums of different genres, including jazz, pop, rock, world, and experimental.","potentialAction":[{"@type":"SearchAction","target":{"@type":"EntryPoint","urlTemplate":"https:\/\/carolaortiz.com\/en\/?s={search_term_string}"},"query-input":{"@type":"PropertyValueSpecification","valueRequired":true,"valueName":"search_term_string"}}],"inLanguage":"en-US"}]}},"_links":{"self":[{"href":"https:\/\/carolaortiz.com\/en\/wp-json\/wp\/v2\/pages\/17325","targetHints":{"allow":["GET"]}}],"collection":[{"href":"https:\/\/carolaortiz.com\/en\/wp-json\/wp\/v2\/pages"}],"about":[{"href":"https:\/\/carolaortiz.com\/en\/wp-json\/wp\/v2\/types\/page"}],"author":[{"embeddable":true,"href":"https:\/\/carolaortiz.com\/en\/wp-json\/wp\/v2\/users\/1"}],"replies":[{"embeddable":true,"href":"https:\/\/carolaortiz.com\/en\/wp-json\/wp\/v2\/comments?post=17325"}],"version-history":[{"count":34,"href":"https:\/\/carolaortiz.com\/en\/wp-json\/wp\/v2\/pages\/17325\/revisions"}],"predecessor-version":[{"id":20322,"href":"https:\/\/carolaortiz.com\/en\/wp-json\/wp\/v2\/pages\/17325\/revisions\/20322"}],"wp:attachment":[{"href":"https:\/\/carolaortiz.com\/en\/wp-json\/wp\/v2\/media?parent=17325"}],"curies":[{"name":"wp","href":"https:\/\/api.w.org\/{rel}","templated":true}]}}