{"id":17339,"date":"2021-03-03T15:02:22","date_gmt":"2021-03-03T14:02:22","guid":{"rendered":"https:\/\/carolaortiz.com\/concerts\/"},"modified":"2024-10-28T21:47:54","modified_gmt":"2024-10-28T20:47:54","slug":"concerts","status":"publish","type":"page","link":"https:\/\/carolaortiz.com\/en\/concerts\/","title":{"rendered":"Concerts"},"content":{"rendered":"\t\t<div data-elementor-type=\"wp-page\" data-elementor-id=\"17339\" class=\"elementor elementor-17339 elementor-14692\">\n\t\t\t\t\t\t<section class=\"elementor-section elementor-top-section elementor-element elementor-element-7c803a3c elementor-section-boxed elementor-section-height-default elementor-section-height-default\" data-id=\"7c803a3c\" data-element_type=\"section\" data-settings=\"{&quot;background_background&quot;:&quot;classic&quot;}\">\n\t\t\t\t\t\t\t<div class=\"elementor-background-overlay\"><\/div>\n\t\t\t\t\t\t\t<div class=\"elementor-container elementor-column-gap-default\">\n\t\t\t\t\t<div class=\"elementor-column elementor-col-100 elementor-top-column elementor-element elementor-element-7dc5dd78\" data-id=\"7dc5dd78\" data-element_type=\"column\" data-settings=\"{&quot;background_background&quot;:&quot;gradient&quot;}\">\n\t\t\t<div class=\"elementor-widget-wrap elementor-element-populated\">\n\t\t\t\t\t\t<div class=\"elementor-element elementor-element-2f1606f2 elementor-widget elementor-widget-shortcode\" data-id=\"2f1606f2\" data-element_type=\"widget\" data-widget_type=\"shortcode.default\">\n\t\t\t\t<div class=\"elementor-widget-container\">\n\t\t\t\t\t\t\t<div class=\"elementor-shortcode\"> <script charset=\"utf-8\" src=\"https:\/\/widgetv3.bandsintown.com\/main.min.js\"><\/script>\n  <a class=\"bit-widget-initializer\"\n    \n\tdata-artist-name=\"id_11309224\"\n\t\n\tdata-background-color=\"rgba(208,2,27,0.54)\"\n\tdata-separator-color=\"#DDDDDD\"\n\tdata-text-color=\"rgba(255,255,255,1)\"\n\tdata-font=\"Arial\"\n\tdata-auto-style=\"true\"\n\t\n\tdata-button-label-capitalization=\"uppercase\"\n\tdata-header-capitalization=\"undefined\"\n\tdata-location-capitalization=\"uppercase\"\n\tdata-venue-capitalization=\"uppercase\"\n\tdata-display-local-dates=\"false\"\n\tdata-local-dates-position=\"tab\"\n\tdata-display-past-dates=\"true\"\n\tdata-display-details=\"true\"\n\tdata-display-lineup=\"\"\n\tdata-display-start-time=\"\"\n\tdata-social-share-icon=\"\"\n\tdata-display-limit=\"all\"\n\t\n\tdata-date-format=\"MM\/DD\/YY\"\n\tdata-date-orientation=\"horizontal\"\n\tdata-date-border-color=\"#4A4A4A\"\n\tdata-date-border-width=\"1px\"\n\tdata-date-capitalization=\"capitalize\"\n\tdata-date-border-radius=\"10px\"\n\t\n\tdata-event-ticket-cta-size=\"small\"\n\tdata-event-custom-ticket-text=\"undefined\"\n\tdata-event-ticket-text=\"TICKETS\"\n\tdata-event-ticket-icon=\"\"\n\tdata-event-ticket-cta-text-color=\"#FFFFFF\"\n\tdata-event-ticket-cta-bg-color=\"#4A4A4A\"\n\tdata-event-ticket-cta-border-color=\"#4A4A4A\"\n\tdata-event-ticket-cta-border-width=\"0px\"\n\tdata-event-ticket-cta-border-radius=\"2px\"\n\t\n\tdata-sold-out-button-text-color=\"#FFFFFF\"\n\tdata-sold-out-button-background-color=\"#4A4A4A\"\n\tdata-sold-out-button-border-color=\"#4A4A4A\"\n\tdata-sold-out-button-clickable=\"true\"\n\t\n\tdata-event-rsvp-position=\"hidden\"\n\tdata-event-rsvp-cta-size=\"medium\"\n\tdata-event-rsvp-only-show-icon=\"undefined\"\n\tdata-event-rsvp-text=\"RSVP\"\n\tdata-event-rsvp-icon=\"\"\n\tdata-event-rsvp-cta-text-color=\"#4A4A4A\"\n\tdata-event-rsvp-cta-bg-color=\"#FFFFFF\"\n\tdata-event-rsvp-cta-border-color=\"#4A4A4A\"\n\tdata-event-rsvp-cta-border-width=\"1px\"\n\tdata-event-rsvp-cta-border-radius=\"2px\"\n\t\n\tdata-follow-section-position=\"hidden\"\n\tdata-follow-section-alignment=\"center\"\n\tdata-follow-section-header-text=\"\"\n\tdata-follow-section-cta-size=\"small\"\n\tdata-follow-section-cta-text=\"FOLLOW\"\n\tdata-follow-section-cta-icon=\"\"\n\tdata-follow-section-cta-text-color=\"#FFFFFF\"\n\tdata-follow-section-cta-bg-color=\"#4A4A4A\"\n\tdata-follow-section-cta-border-color=\"#4A4A4A\"\n\tdata-follow-section-cta-border-width=\"0px\"\n\tdata-follow-section-cta-border-radius=\"2px\"\n\t\n\tdata-play-my-city-position=\"hidden\"\n\tdata-play-my-city-alignment=\"center\"\n\tdata-play-my-city-header-text=\"Don\u2019t see a show near you?\"\n\tdata-play-my-city-cta-size=\"medium\"\n\tdata-play-my-city-cta-text=\"REQUEST A SHOW\"\n\tdata-play-my-city-cta-icon=\"\"\n\tdata-play-my-city-cta-text-color=\"#FFFFFF\"\n\tdata-play-my-city-cta-bg-color=\"#4A4A4A\"\n\tdata-play-my-city-cta-border-color=\"#4A4A4A\"\n\tdata-play-my-city-cta-border-width=\"0px\"\n\tdata-play-my-city-cta-border-radius=\"2px\"\n\t\n\tdata-optin-font=\"\"\n\tdata-optin-text-color=\"\"\n\tdata-optin-bg-color=\"\"\n\tdata-optin-cta-text-color=\"\"\n\tdata-optin-cta-bg-color=\"\"\n\tdata-optin-cta-border-width=\"\"\n\tdata-optin-cta-border-radius=\"\"\n\tdata-optin-cta-border-color=\"\"\n\t\n\tdata-language=\"en\"\n\tdata-layout-breakpoint=\"900\"\n\tdata-app-id=\"\"\n\tdata-affil-code=\"\"\n\tdata-bit-logo-position=\"hidden\"\n\tdata-bit-logo-color=\"rgba(255,255,255,1)\"\n\t\n    ><\/a><\/div>\n\t\t\t\t\t\t<\/div>\n\t\t\t\t<\/div>\n\t\t\t\t<div class=\"elementor-element elementor-element-588c23c6 elementor-widget elementor-widget-heading\" data-id=\"588c23c6\" data-element_type=\"widget\" data-widget_type=\"heading.default\">\n\t\t\t\t<div class=\"elementor-widget-container\">\n\t\t\t\t\t<h2 class=\"elementor-heading-title elementor-size-default\">FEATURED CONCERTS<\/h2>\t\t\t\t<\/div>\n\t\t\t\t<\/div>\n\t\t\t\t<div class=\"elementor-element elementor-element-27485ba elementor-widget elementor-widget-heading\" data-id=\"27485ba\" data-element_type=\"widget\" data-widget_type=\"heading.default\">\n\t\t\t\t<div class=\"elementor-widget-container\">\n\t\t\t\t\t<h3 class=\"elementor-heading-title elementor-size-default\">Catalonia<\/h3>\t\t\t\t<\/div>\n\t\t\t\t<\/div>\n\t\t\t\t<div class=\"elementor-element elementor-element-7939703 elementor-widget-divider--view-line elementor-widget elementor-widget-divider\" data-id=\"7939703\" data-element_type=\"widget\" data-widget_type=\"divider.default\">\n\t\t\t\t<div class=\"elementor-widget-container\">\n\t\t\t\t\t\t\t<div class=\"elementor-divider\">\n\t\t\t<span class=\"elementor-divider-separator\">\n\t\t\t\t\t\t<\/span>\n\t\t<\/div>\n\t\t\t\t\t\t<\/div>\n\t\t\t\t<\/div>\n\t\t\t\t<div class=\"elementor-element elementor-element-224929f3 elementor-widget elementor-widget-text-editor\" data-id=\"224929f3\" data-element_type=\"widget\" data-widget_type=\"text-editor.default\">\n\t\t\t\t<div class=\"elementor-widget-container\">\n\t\t\t\t\t\t\t\t\t<p><strong>FESTIVAL CONNEXIONS 2018<\/strong> [CAROLA ORTIZ SPIRALA, Young Effervescence Big Band]<\/p><p><strong>CANT\u00c0NIA 2018<\/strong> \u2013 VEU SOLISTA [Gira \u2018Part\u00edcules\u2019 a Catalunya i Arag\u00f3]<\/p><p><strong>FESTIVAL JAZZ BARCELONA 2009 \u2013 2017<\/strong> [Maria Schneider Big Band, LUMMM, Requiem a Morente]<\/p><p><strong>FESTIVAL L\u2019HORA DEL JAZZ 2015, 2017<\/strong> [Albert Bover Duo, Ortiz \u2013 Barenghi \u2013 Santana TRIO]<\/p><p><strong>FIRA MEDITERR\u00c0NIA DE MANRESA 2016<\/strong> [Carola Ortiz SIRIN, Coetus]<\/p><p><strong>FESTIVAL JAZZ GRANOLLERS 2016-2017<\/strong> [Remembering Ornette Coleman, Esmuc Jazz Project, Minimal Hits]<\/p><p><strong>PRIMAVERA SOUND 2015<\/strong> [Roc\u00edo M\u00e1rquez, Refree]<\/p><p><strong>PALAU DE LA M\u00daSICA \u2013 MAS I MAS 2015<\/strong> Roc\u00edo M\u00e1rquez<\/p><p><strong>APOLO 2 i SALA APOLO<\/strong> [Maria Rod\u00e9s, Nico Roig, Coetus + Ra\u00fal Rodr\u00edguez]<\/p><p><strong>FESTIVAL JAZZ TERRASSA 2015, 2017<\/strong> [Giulia Valle, Esmuc Jazz Project]<\/p><p><strong>FESTIVAL JAZZ VIC 2011, 2015<\/strong> [LUMMM, AxisOrca]<\/p><p><strong>FESTIVAL LEM 2010, 2011<\/strong> [LUMMM i Jaqui Detraz &amp; Bernard Donzel]<\/p><p><strong>FESTIVAL INTERNACIONAL DE CADAQU\u00c9S 2013<\/strong> Jonathan Crayford, 1st part of Maceo Parker<\/p><p><strong>L\u2019Auditori de BCN 2014, 2015, 2016, 2018<\/strong> [Moussakis, Coetus, VERMUT JAZZ Carola Ortiz Group, Cant\u00e0nia]<\/p><p><strong>La MERC\u00c8 2015<\/strong> [Coetus + Juan Quintero &amp; Luna Monti, Moussakis]<\/p><p><strong>MONTJU\u00cfC DE NIT 2011<\/strong> [LUMMM]<\/p><p><strong>GIRA RESSONS JAZZ 2010<\/strong> Tacirupeca y sus Lobos tribute a Thelonious Monk<\/p><p><strong>FESTES DE GR\u00c0CIA 2011<\/strong> Moussakis<\/p><p><strong>FESTIVAL HAMAQUES 2015<\/strong> Guillermo Rizzotto + Meri\u00e7 Donuk<\/p><p><strong>SALA BIKINI Festival Brazil Noar 2010<\/strong>, Coetus 2015<\/p><p><strong>Centre Cultural BORN [Esmuc Jazz Project 2016]<\/strong><\/p><p><strong>JAMBOREE 2006 \u2013 2016<\/strong> AxisOrca, Rogerio Botter Maio, Jurandir Santana, Tacirupeca y sus Lobos, LUMMM, Albert Bover &amp; Carola Ortiz, Llu\u00eds VIdal &amp; Carola Ortiz, Resonessence, Ivan Ilic TetraPack, Faz de Pez<\/p>\t\t\t\t\t\t\t\t<\/div>\n\t\t\t\t<\/div>\n\t\t\t\t<div class=\"elementor-element elementor-element-68c1e7c0 elementor-widget elementor-widget-heading\" data-id=\"68c1e7c0\" data-element_type=\"widget\" data-widget_type=\"heading.default\">\n\t\t\t\t<div class=\"elementor-widget-container\">\n\t\t\t\t\t<h2 class=\"elementor-heading-title elementor-size-default\">Internationals\n<\/h2>\t\t\t\t<\/div>\n\t\t\t\t<\/div>\n\t\t\t\t<div class=\"elementor-element elementor-element-d685d70 elementor-widget-divider--view-line elementor-widget elementor-widget-divider\" data-id=\"d685d70\" data-element_type=\"widget\" data-widget_type=\"divider.default\">\n\t\t\t\t<div class=\"elementor-widget-container\">\n\t\t\t\t\t\t\t<div class=\"elementor-divider\">\n\t\t\t<span class=\"elementor-divider-separator\">\n\t\t\t\t\t\t<\/span>\n\t\t<\/div>\n\t\t\t\t\t\t<\/div>\n\t\t\t\t<\/div>\n\t\t\t\t<div class=\"elementor-element elementor-element-46460b73 elementor-widget elementor-widget-text-editor\" data-id=\"46460b73\" data-element_type=\"widget\" data-widget_type=\"text-editor.default\">\n\t\t\t\t<div class=\"elementor-widget-container\">\n\t\t\t\t\t\t\t\t\t<p><strong>CANADA \u2013 ONTARIO TOUR, FALL 2018<\/strong> [With Anandi, Debashish and Subhasis Bhattacharya \u2013 album release Joys Abound]<\/p><p><strong>OLTREMENTE JAZZ FESTIVAL, SICILIA (ITALIA 2018)<\/strong><\/p><p><strong>TEATRO SOCIALE DI GUALTIERI (BOLOGNA, ITALIA 2017)<\/strong> [CAROLA ORTIZ, SIRIN]<\/p><p><strong>BABEL SOUND (HUNGARIA, 2017)<\/strong> [CAROLA ORTIZ, SIRIN]<\/p><p><strong>INDIA INTERNATIONAL GUITAR FESTIVAL, CALCUTA 2016<\/strong> [Solo Artist]<\/p><p><strong>WOMAD FESTIVAL UK 2014<\/strong> [Coetus]<\/p><p><strong>THE JAZZ STANDARD, NY, 2013<\/strong> [The Mingus Orchestra]<\/p><p><strong>NUBLU JAZZ FESTIVAL 2014<\/strong> [Jonathan Crayford and Kenny Woellesen]<\/p><p><strong>FESTIVAL JAZZ de LOS ANDES, COLOMBIA 2013<\/strong> [Minimal Hits Tour]<\/p><p><strong>THE JAZZ GALLERY, NYC<\/strong> Albert Marqu\u00e8s 2013<\/p><p><strong>SPECTRUM NYC<\/strong> with John King and Hito+ 2014<\/p><p><strong>ROCKWOOD NYC 2014<\/strong><\/p><p><strong>HALLOWEN PARADE MANHATTAN<\/strong> with Kenny Woellesen, Himalaya\u2019s<\/p><p><strong>MERIDIAN 23<\/strong>, Brooklyn Gipsies 2015<\/p><p><strong>ENJOY JAZZ FESTIVAL<\/strong>, Germany, Heidelberg 2014<\/p><p><strong>Festival Les Vielhes Charrues 2014<\/strong>, France [Coetus]<\/p><p><strong>Festival Bruits de la N\u00e8ige 2012<\/strong> France [amb Jaqui Detraz &amp; Bernanrd Donzel]<\/p><p><strong>Meredith Monk Workshop in Paris, 2013<\/strong><\/p><p><strong>An\u00e8res Festival Cinema Mut, 2016<\/strong><\/p><p><strong>Errobiko Festibala, 2016<\/strong> [Coetus]<\/p><p><strong>PORTUGAL<\/strong> [Festival MIA, Granular Lisboa, Coetus]<\/p><p><strong>BERLIN<\/strong> [Resh\u00e1, Festival Ni\u00f1os Consentidos 2010, AxisOrca 2014]<\/p><p><strong>RETROPERSPECTYWY<\/strong>, Poland 2016 [Coetus]<\/p><p><strong>FESTIVAL MUSIQUE d&#8217;ALGER<\/strong> [Coetus]<\/p><p>\u2014- Spain Festivals \u2014-<\/p><p><strong>JAZZE\u00d1E ZARAGOZA 2017<\/strong> [Carola Ortiz Group SIRIN]<\/p><p><strong>MADRID<\/strong> [Coetus en Plaza Cibeles y Circulo de las Artes]<\/p><p><strong>ANDALUC\u00cdA<\/strong> [Granada Carola Ortiz Quartet 2006, Ivan Ilic Tetrapack]<\/p><p><strong>VALENCIA<\/strong> [Ivan Ilic Tetrapack]<\/p><p><strong>ARAG\u00d3N<\/strong> [Coetus]<\/p><p><strong>GALICIA<\/strong> [Coetus]<\/p><p><strong>LOGRO\u00d1O<\/strong> [Coetus]<\/p>\t\t\t\t\t\t\t\t<\/div>\n\t\t\t\t<\/div>\n\t\t\t\t\t<\/div>\n\t\t<\/div>\n\t\t\t\t\t<\/div>\n\t\t<\/section>\n\t\t\t\t<\/div>\n\t\t","protected":false},"excerpt":{"rendered":"<p>FEATURED CONCERTS Catalonia FESTIVAL CONNEXIONS 2018 [CAROLA ORTIZ SPIRALA, Young Effervescence Big Band] CANT\u00c0NIA 2018 \u2013 VEU SOLISTA&#8230;<\/p>\n","protected":false},"author":1,"featured_media":0,"parent":0,"menu_order":0,"comment_status":"closed","ping_status":"closed","template":"","meta":{"_acf_changed":false,"footnotes":""},"class_list":["post-17339","page","type-page","status-publish","hentry"],"acf":[],"yoast_head":"<!-- This site is optimized with the Yoast SEO plugin v26.2 - https:\/\/yoast.com\/wordpress\/plugins\/seo\/ -->\n<title>Carola Ortiz Official Website | Concerts<\/title>\n<meta name=\"description\" content=\"Va n\u00e9ixer el 15 de mar\u00e7 del 1986 a Terrassa, filla de m\u00fasic de jazz i de mare del m\u00f3n del teatre. Va cr\u00e9ixer musicalment entre la Jazz Cava de Terrassa i el Conservatori de la mateixa ciutat. Es va seguir formant al Taller de M\u00fasics i a l\u2019Esmuc tan en cant com en clarinet.\" \/>\n<meta name=\"robots\" content=\"index, follow, max-snippet:-1, max-image-preview:large, max-video-preview:-1\" \/>\n<link rel=\"canonical\" href=\"https:\/\/carolaortiz.com\/en\/concerts\/\" \/>\n<meta property=\"og:locale\" content=\"en_US\" \/>\n<meta property=\"og:type\" content=\"article\" \/>\n<meta property=\"og:title\" content=\"Carola Ortiz Official Website | Concerts\" \/>\n<meta property=\"og:description\" content=\"Va n\u00e9ixer el 15 de mar\u00e7 del 1986 a Terrassa, filla de m\u00fasic de jazz i de mare del m\u00f3n del teatre. Va cr\u00e9ixer musicalment entre la Jazz Cava de Terrassa i el Conservatori de la mateixa ciutat. Es va seguir formant al Taller de M\u00fasics i a l\u2019Esmuc tan en cant com en clarinet.\" \/>\n<meta property=\"og:url\" content=\"https:\/\/carolaortiz.com\/en\/concerts\/\" \/>\n<meta property=\"og:site_name\" content=\"Carola Ortiz Official Website\" \/>\n<meta property=\"article:publisher\" content=\"https:\/\/www.facebook.com\/Carola-Ortiz-Music-792306854153384\/?fref=ts\" \/>\n<meta property=\"article:modified_time\" content=\"2024-10-28T20:47:54+00:00\" \/>\n<meta property=\"og:image\" content=\"https:\/\/carolaortiz.com\/wp-content\/uploads\/2021\/04\/fbimage.png\" \/>\n\t<meta property=\"og:image:width\" content=\"1200\" \/>\n\t<meta property=\"og:image:height\" content=\"628\" \/>\n\t<meta property=\"og:image:type\" content=\"image\/png\" \/>\n<meta name=\"twitter:card\" content=\"summary_large_image\" \/>\n<meta name=\"twitter:label1\" content=\"Est. reading time\" \/>\n\t<meta name=\"twitter:data1\" content=\"2 minutes\" \/>\n<script type=\"application\/ld+json\" class=\"yoast-schema-graph\">{\"@context\":\"https:\/\/schema.org\",\"@graph\":[{\"@type\":\"WebPage\",\"@id\":\"https:\/\/carolaortiz.com\/en\/concerts\/\",\"url\":\"https:\/\/carolaortiz.com\/en\/concerts\/\",\"name\":\"Carola Ortiz Official Website | Concerts\",\"isPartOf\":{\"@id\":\"https:\/\/carolaortiz.com\/en\/#website\"},\"datePublished\":\"2021-03-03T14:02:22+00:00\",\"dateModified\":\"2024-10-28T20:47:54+00:00\",\"description\":\"Va n\u00e9ixer el 15 de mar\u00e7 del 1986 a Terrassa, filla de m\u00fasic de jazz i de mare del m\u00f3n del teatre. Va cr\u00e9ixer musicalment entre la Jazz Cava de Terrassa i el Conservatori de la mateixa ciutat. Es va seguir formant al Taller de M\u00fasics i a l\u2019Esmuc tan en cant com en clarinet.\",\"breadcrumb\":{\"@id\":\"https:\/\/carolaortiz.com\/en\/concerts\/#breadcrumb\"},\"inLanguage\":\"en-US\",\"potentialAction\":[{\"@type\":\"ReadAction\",\"target\":[\"https:\/\/carolaortiz.com\/en\/concerts\/\"]}]},{\"@type\":\"BreadcrumbList\",\"@id\":\"https:\/\/carolaortiz.com\/en\/concerts\/#breadcrumb\",\"itemListElement\":[{\"@type\":\"ListItem\",\"position\":1,\"name\":\"Home\",\"item\":\"https:\/\/carolaortiz.com\/en\/\"},{\"@type\":\"ListItem\",\"position\":2,\"name\":\"Concerts\"}]},{\"@type\":\"WebSite\",\"@id\":\"https:\/\/carolaortiz.com\/en\/#website\",\"url\":\"https:\/\/carolaortiz.com\/en\/\",\"name\":\"Carola Ortiz Official Website\",\"description\":\"Singer, clarinet &amp; bass clarinet player, composer &amp; traveler. The catalan singer Carola Ortiz has participated in the recordings of more than twenty albums of different genres, including jazz, pop, rock, world, and experimental.\",\"potentialAction\":[{\"@type\":\"SearchAction\",\"target\":{\"@type\":\"EntryPoint\",\"urlTemplate\":\"https:\/\/carolaortiz.com\/en\/?s={search_term_string}\"},\"query-input\":{\"@type\":\"PropertyValueSpecification\",\"valueRequired\":true,\"valueName\":\"search_term_string\"}}],\"inLanguage\":\"en-US\"}]}<\/script>\n<!-- \/ Yoast SEO plugin. -->","yoast_head_json":{"title":"Carola Ortiz Official Website | Concerts","description":"Va n\u00e9ixer el 15 de mar\u00e7 del 1986 a Terrassa, filla de m\u00fasic de jazz i de mare del m\u00f3n del teatre. Va cr\u00e9ixer musicalment entre la Jazz Cava de Terrassa i el Conservatori de la mateixa ciutat. Es va seguir formant al Taller de M\u00fasics i a l\u2019Esmuc tan en cant com en clarinet.","robots":{"index":"index","follow":"follow","max-snippet":"max-snippet:-1","max-image-preview":"max-image-preview:large","max-video-preview":"max-video-preview:-1"},"canonical":"https:\/\/carolaortiz.com\/en\/concerts\/","og_locale":"en_US","og_type":"article","og_title":"Carola Ortiz Official Website | Concerts","og_description":"Va n\u00e9ixer el 15 de mar\u00e7 del 1986 a Terrassa, filla de m\u00fasic de jazz i de mare del m\u00f3n del teatre. Va cr\u00e9ixer musicalment entre la Jazz Cava de Terrassa i el Conservatori de la mateixa ciutat. Es va seguir formant al Taller de M\u00fasics i a l\u2019Esmuc tan en cant com en clarinet.","og_url":"https:\/\/carolaortiz.com\/en\/concerts\/","og_site_name":"Carola Ortiz Official Website","article_publisher":"https:\/\/www.facebook.com\/Carola-Ortiz-Music-792306854153384\/?fref=ts","article_modified_time":"2024-10-28T20:47:54+00:00","og_image":[{"width":1200,"height":628,"url":"https:\/\/carolaortiz.com\/wp-content\/uploads\/2021\/04\/fbimage.png","type":"image\/png"}],"twitter_card":"summary_large_image","twitter_misc":{"Est. reading time":"2 minutes"},"schema":{"@context":"https:\/\/schema.org","@graph":[{"@type":"WebPage","@id":"https:\/\/carolaortiz.com\/en\/concerts\/","url":"https:\/\/carolaortiz.com\/en\/concerts\/","name":"Carola Ortiz Official Website | Concerts","isPartOf":{"@id":"https:\/\/carolaortiz.com\/en\/#website"},"datePublished":"2021-03-03T14:02:22+00:00","dateModified":"2024-10-28T20:47:54+00:00","description":"Va n\u00e9ixer el 15 de mar\u00e7 del 1986 a Terrassa, filla de m\u00fasic de jazz i de mare del m\u00f3n del teatre. Va cr\u00e9ixer musicalment entre la Jazz Cava de Terrassa i el Conservatori de la mateixa ciutat. Es va seguir formant al Taller de M\u00fasics i a l\u2019Esmuc tan en cant com en clarinet.","breadcrumb":{"@id":"https:\/\/carolaortiz.com\/en\/concerts\/#breadcrumb"},"inLanguage":"en-US","potentialAction":[{"@type":"ReadAction","target":["https:\/\/carolaortiz.com\/en\/concerts\/"]}]},{"@type":"BreadcrumbList","@id":"https:\/\/carolaortiz.com\/en\/concerts\/#breadcrumb","itemListElement":[{"@type":"ListItem","position":1,"name":"Home","item":"https:\/\/carolaortiz.com\/en\/"},{"@type":"ListItem","position":2,"name":"Concerts"}]},{"@type":"WebSite","@id":"https:\/\/carolaortiz.com\/en\/#website","url":"https:\/\/carolaortiz.com\/en\/","name":"Carola Ortiz Official Website","description":"Singer, clarinet &amp; bass clarinet player, composer &amp; traveler. The catalan singer Carola Ortiz has participated in the recordings of more than twenty albums of different genres, including jazz, pop, rock, world, and experimental.","potentialAction":[{"@type":"SearchAction","target":{"@type":"EntryPoint","urlTemplate":"https:\/\/carolaortiz.com\/en\/?s={search_term_string}"},"query-input":{"@type":"PropertyValueSpecification","valueRequired":true,"valueName":"search_term_string"}}],"inLanguage":"en-US"}]}},"_links":{"self":[{"href":"https:\/\/carolaortiz.com\/en\/wp-json\/wp\/v2\/pages\/17339","targetHints":{"allow":["GET"]}}],"collection":[{"href":"https:\/\/carolaortiz.com\/en\/wp-json\/wp\/v2\/pages"}],"about":[{"href":"https:\/\/carolaortiz.com\/en\/wp-json\/wp\/v2\/types\/page"}],"author":[{"embeddable":true,"href":"https:\/\/carolaortiz.com\/en\/wp-json\/wp\/v2\/users\/1"}],"replies":[{"embeddable":true,"href":"https:\/\/carolaortiz.com\/en\/wp-json\/wp\/v2\/comments?post=17339"}],"version-history":[{"count":34,"href":"https:\/\/carolaortiz.com\/en\/wp-json\/wp\/v2\/pages\/17339\/revisions"}],"predecessor-version":[{"id":19589,"href":"https:\/\/carolaortiz.com\/en\/wp-json\/wp\/v2\/pages\/17339\/revisions\/19589"}],"wp:attachment":[{"href":"https:\/\/carolaortiz.com\/en\/wp-json\/wp\/v2\/media?parent=17339"}],"curies":[{"name":"wp","href":"https:\/\/api.w.org\/{rel}","templated":true}]}}