{"id":18455,"date":"2023-11-08T10:11:41","date_gmt":"2023-11-08T09:11:41","guid":{"rendered":"https:\/\/carolaortiz.com\/?page_id=18455"},"modified":"2025-11-04T13:05:21","modified_gmt":"2025-11-04T12:05:21","slug":"home-2","status":"publish","type":"page","link":"https:\/\/carolaortiz.com\/es\/","title":{"rendered":"Home"},"content":{"rendered":"\t\t<div data-elementor-type=\"wp-page\" data-elementor-id=\"18455\" class=\"elementor elementor-18455\">\n\t\t\t\t\t\t<section class=\"elementor-section elementor-top-section elementor-element elementor-element-d901545 elementor-section-boxed elementor-section-height-default elementor-section-height-default neuron-fixed-no\" data-id=\"d901545\" data-element_type=\"section\" data-settings=\"{&quot;background_background&quot;:&quot;classic&quot;}\">\n\t\t\t\t\t\t<div class=\"elementor-container elementor-column-gap-default\">\n\t\t\t\t\t<div class=\"elementor-column elementor-col-100 elementor-top-column elementor-element elementor-element-2c1a81d\" data-id=\"2c1a81d\" data-element_type=\"column\" data-settings=\"{&quot;background_background&quot;:&quot;classic&quot;}\">\n\t\t\t<div class=\"elementor-widget-wrap elementor-element-populated\">\n\t\t\t\t\t\t<div class=\"elementor-element elementor-element-0df5adf elementor-widget elementor-widget-spacer\" data-id=\"0df5adf\" data-element_type=\"widget\" data-widget_type=\"spacer.default\">\n\t\t\t\t<div class=\"elementor-widget-container\">\n\t\t\t\t\t\t\t<div class=\"elementor-spacer\">\n\t\t\t<div class=\"elementor-spacer-inner\"><\/div>\n\t\t<\/div>\n\t\t\t\t\t\t<\/div>\n\t\t\t\t<\/div>\n\t\t\t\t<div class=\"elementor-element elementor-element-d19bef5 elementor-widget elementor-widget-heading\" data-id=\"d19bef5\" data-element_type=\"widget\" data-widget_type=\"heading.default\">\n\t\t\t\t<div class=\"elementor-widget-container\">\n\t\t\t\t\t<h4 class=\"elementor-heading-title elementor-size-medium\">Nuevo \u00e1lbum disponible<\/h4>\t\t\t\t<\/div>\n\t\t\t\t<\/div>\n\t\t\t\t<div class=\"elementor-element elementor-element-b76b28c elementor-widget elementor-widget-image\" data-id=\"b76b28c\" data-element_type=\"widget\" data-widget_type=\"image.default\">\n\t\t\t\t<div class=\"elementor-widget-container\">\n\t\t\t\t\t\t\t\t\t\t\t\t\t\t\t\t<a href=\"https:\/\/www.microscopi.cat\/product-page\/enlla\">\n\t\t\t\t\t\t\t<img fetchpriority=\"high\" decoding=\"async\" width=\"1080\" height=\"1080\" src=\"https:\/\/carolaortiz.com\/wp-content\/uploads\/2025\/10\/CAROLA_ORTIZ.jpg\" class=\"attachment-full size-full wp-image-20005\" alt=\"\" srcset=\"https:\/\/carolaortiz.com\/wp-content\/uploads\/2025\/10\/CAROLA_ORTIZ.jpg 1080w, https:\/\/carolaortiz.com\/wp-content\/uploads\/2025\/10\/CAROLA_ORTIZ-300x300.jpg 300w, https:\/\/carolaortiz.com\/wp-content\/uploads\/2025\/10\/CAROLA_ORTIZ-1024x1024.jpg 1024w, https:\/\/carolaortiz.com\/wp-content\/uploads\/2025\/10\/CAROLA_ORTIZ-150x150.jpg 150w, https:\/\/carolaortiz.com\/wp-content\/uploads\/2025\/10\/CAROLA_ORTIZ-768x768.jpg 768w, https:\/\/carolaortiz.com\/wp-content\/uploads\/2025\/10\/elementor\/thumbs\/CAROLA_ORTIZ-rdwz8o2zpqf3ztgvum0lnv0x4k6j7ubyex4q1bd6zk.jpg 400w\" sizes=\"(max-width: 1080px) 100vw, 1080px\" \/>\t\t\t\t\t\t\t\t<\/a>\n\t\t\t\t\t\t\t\t\t\t\t\t\t\t\t<\/div>\n\t\t\t\t<\/div>\n\t\t\t\t<div class=\"elementor-element elementor-element-17d596d elementor-shape-circle e-grid-align-tablet-center elementor-grid-0 e-grid-align-center elementor-widget elementor-widget-social-icons\" data-id=\"17d596d\" data-element_type=\"widget\" data-widget_type=\"social-icons.default\">\n\t\t\t\t<div class=\"elementor-widget-container\">\n\t\t\t\t\t\t\t<div class=\"elementor-social-icons-wrapper elementor-grid\" role=\"list\">\n\t\t\t\t\t\t\t<span class=\"elementor-grid-item\" role=\"listitem\">\n\t\t\t\t\t<a class=\"elementor-icon elementor-social-icon elementor-social-icon-shopping-cart elementor-repeater-item-ebc80f9\" href=\"https:\/\/www.microscopi.cat\/product-page\/enlla\" target=\"_blank\">\n\t\t\t\t\t\t<span class=\"elementor-screen-only\">Shopping-cart<\/span>\n\t\t\t\t\t\t<i aria-hidden=\"true\" class=\"fas fa-shopping-cart\"><\/i>\t\t\t\t\t<\/a>\n\t\t\t\t<\/span>\n\t\t\t\t\t\t\t<span class=\"elementor-grid-item\" role=\"listitem\">\n\t\t\t\t\t<a class=\"elementor-icon elementor-social-icon elementor-social-icon-spotify elementor-repeater-item-973136e\" href=\"https:\/\/open.spotify.com\/album\/2ZCkbJzFZETnNzeZcTnBQZ\" target=\"_blank\">\n\t\t\t\t\t\t<span class=\"elementor-screen-only\">Spotify<\/span>\n\t\t\t\t\t\t<i aria-hidden=\"true\" class=\"fab fa-spotify\"><\/i>\t\t\t\t\t<\/a>\n\t\t\t\t<\/span>\n\t\t\t\t\t\t\t<span class=\"elementor-grid-item\" role=\"listitem\">\n\t\t\t\t\t<a class=\"elementor-icon elementor-social-icon elementor-social-icon-youtube elementor-repeater-item-1e4fb81\" href=\"https:\/\/www.youtube.com\/watch?v=yNJrThkH4bA&#038;list=OLAK5uy_mAg2iiLUXtGEiTliLkeAsFJNhpBbES5sI\" target=\"_blank\">\n\t\t\t\t\t\t<span class=\"elementor-screen-only\">Youtube<\/span>\n\t\t\t\t\t\t<i aria-hidden=\"true\" class=\"fab fa-youtube\"><\/i>\t\t\t\t\t<\/a>\n\t\t\t\t<\/span>\n\t\t\t\t\t\t\t<span class=\"elementor-grid-item\" role=\"listitem\">\n\t\t\t\t\t<a class=\"elementor-icon elementor-social-icon elementor-social-icon-deezer elementor-repeater-item-1ac7b8d\" href=\"https:\/\/www.deezer.com\/us\/album\/829658831\" target=\"_blank\">\n\t\t\t\t\t\t<span class=\"elementor-screen-only\">Deezer<\/span>\n\t\t\t\t\t\t<i aria-hidden=\"true\" class=\"fab fa-deezer\"><\/i>\t\t\t\t\t<\/a>\n\t\t\t\t<\/span>\n\t\t\t\t\t\t\t<span class=\"elementor-grid-item\" role=\"listitem\">\n\t\t\t\t\t<a class=\"elementor-icon elementor-social-icon elementor-social-icon-apple elementor-repeater-item-195c075\" href=\"https:\/\/music.apple.com\/us\/album\/enll%C3%A0-poemes-cantats-de-dario-olaortua\/1842965239\" target=\"_blank\">\n\t\t\t\t\t\t<span class=\"elementor-screen-only\">Apple<\/span>\n\t\t\t\t\t\t<i aria-hidden=\"true\" class=\"fab fa-apple\"><\/i>\t\t\t\t\t<\/a>\n\t\t\t\t<\/span>\n\t\t\t\t\t\t\t<span class=\"elementor-grid-item\" role=\"listitem\">\n\t\t\t\t\t<a class=\"elementor-icon elementor-social-icon elementor-social-icon-amazon elementor-repeater-item-0c16740\" href=\"https:\/\/music.amazon.es\/albums\/B0FT6W5JPF?tag=ton08-20\" target=\"_blank\">\n\t\t\t\t\t\t<span class=\"elementor-screen-only\">Amazon<\/span>\n\t\t\t\t\t\t<i aria-hidden=\"true\" class=\"fab fa-amazon\"><\/i>\t\t\t\t\t<\/a>\n\t\t\t\t<\/span>\n\t\t\t\t\t<\/div>\n\t\t\t\t\t\t<\/div>\n\t\t\t\t<\/div>\n\t\t\t\t<div class=\"elementor-element elementor-element-72c2a43 elementor-align-center elementor-widget elementor-widget-button\" data-id=\"72c2a43\" data-element_type=\"widget\" data-widget_type=\"button.default\">\n\t\t\t\t<div class=\"elementor-widget-container\">\n\t\t\t\t\t\t\t\t\t<div class=\"elementor-button-wrapper\">\n\t\t\t\t\t<a class=\"elementor-button elementor-button-link elementor-size-sm\" href=\"https:\/\/www.microscopi.cat\/product-page\/enlla\" target=\"_blank\">\n\t\t\t\t\t\t<span class=\"elementor-button-content-wrapper\">\n\t\t\t\t\t\t\t\t\t<span class=\"elementor-button-text\">Compra el \u00e1lbum<\/span>\n\t\t\t\t\t<\/span>\n\t\t\t\t\t<\/a>\n\t\t\t\t<\/div>\n\t\t\t\t\t\t\t\t<\/div>\n\t\t\t\t<\/div>\n\t\t\t\t<div class=\"elementor-element elementor-element-24b7834 elementor-widget elementor-widget-spacer\" data-id=\"24b7834\" data-element_type=\"widget\" data-widget_type=\"spacer.default\">\n\t\t\t\t<div class=\"elementor-widget-container\">\n\t\t\t\t\t\t\t<div class=\"elementor-spacer\">\n\t\t\t<div class=\"elementor-spacer-inner\"><\/div>\n\t\t<\/div>\n\t\t\t\t\t\t<\/div>\n\t\t\t\t<\/div>\n\t\t\t\t<div class=\"elementor-element elementor-element-dc78df0 elementor-widget elementor-widget-video\" data-id=\"dc78df0\" data-element_type=\"widget\" data-settings=\"{&quot;youtube_url&quot;:&quot;https:\\\/\\\/www.youtube.com\\\/watch?v=f0MvyU-9GPY&amp;list=RDf0MvyU-9GPY&amp;start_radio=1&quot;,&quot;autoplay&quot;:&quot;yes&quot;,&quot;start&quot;:0,&quot;play_on_mobile&quot;:&quot;yes&quot;,&quot;video_type&quot;:&quot;youtube&quot;,&quot;controls&quot;:&quot;yes&quot;}\" data-widget_type=\"video.default\">\n\t\t\t\t<div class=\"elementor-widget-container\">\n\t\t\t\t\t\t\t<div class=\"elementor-wrapper elementor-open-inline\">\n\t\t\t<div class=\"elementor-video\"><\/div>\t\t<\/div>\n\t\t\t\t\t\t<\/div>\n\t\t\t\t<\/div>\n\t\t\t\t<div class=\"elementor-element elementor-element-fc8d644 elementor-widget elementor-widget-spacer\" data-id=\"fc8d644\" data-element_type=\"widget\" data-widget_type=\"spacer.default\">\n\t\t\t\t<div class=\"elementor-widget-container\">\n\t\t\t\t\t\t\t<div class=\"elementor-spacer\">\n\t\t\t<div class=\"elementor-spacer-inner\"><\/div>\n\t\t<\/div>\n\t\t\t\t\t\t<\/div>\n\t\t\t\t<\/div>\n\t\t\t\t<div class=\"elementor-element elementor-element-8496b20 elementor-widget elementor-widget-heading\" data-id=\"8496b20\" data-element_type=\"widget\" data-widget_type=\"heading.default\">\n\t\t\t\t<div class=\"elementor-widget-container\">\n\t\t\t\t\t<h3 class=\"elementor-heading-title elementor-size-default\">Conciertos<\/h3>\t\t\t\t<\/div>\n\t\t\t\t<\/div>\n\t\t\t\t<div class=\"elementor-element elementor-element-682dd41 elementor-widget elementor-widget-shortcode\" data-id=\"682dd41\" data-element_type=\"widget\" data-widget_type=\"shortcode.default\">\n\t\t\t\t<div class=\"elementor-widget-container\">\n\t\t\t\t\t\t\t<div class=\"elementor-shortcode\">\n  <script charset=\"utf-8\" src=\"https:\/\/widgetv3.bandsintown.com\/main.min.js\"><\/script>\n  <a class=\"bit-widget-initializer\"\n    \n\tdata-artist-name=\"id_11309224\"\n\t\n\tdata-background-color=\"rgba(208,2,27,0.54)\"\n\tdata-separator-color=\"#DDDDDD\"\n\tdata-text-color=\"rgba(255,255,255,1)\"\n\tdata-font=\"Arial\"\n\tdata-auto-style=\"true\"\n\t\n\tdata-button-label-capitalization=\"uppercase\"\n\tdata-header-capitalization=\"undefined\"\n\tdata-location-capitalization=\"uppercase\"\n\tdata-venue-capitalization=\"uppercase\"\n\tdata-display-local-dates=\"false\"\n\tdata-local-dates-position=\"tab\"\n\tdata-display-past-dates=\"true\"\n\tdata-display-details=\"true\"\n\tdata-display-lineup=\"\"\n\tdata-display-start-time=\"\"\n\tdata-social-share-icon=\"\"\n\tdata-display-limit=\"all\"\n\t\n\tdata-date-format=\"DD\/MM\/YY\"\n\tdata-date-orientation=\"horizontal\"\n\tdata-date-border-color=\"#4A4A4A\"\n\tdata-date-border-width=\"1px\"\n\tdata-date-capitalization=\"capitalize\"\n\tdata-date-border-radius=\"10px\"\n\t\n\tdata-event-ticket-cta-size=\"small\"\n\tdata-event-custom-ticket-text=\"undefined\"\n\tdata-event-ticket-text=\"TICKETS\"\n\tdata-event-ticket-icon=\"\"\n\tdata-event-ticket-cta-text-color=\"#FFFFFF\"\n\tdata-event-ticket-cta-bg-color=\"#4A4A4A\"\n\tdata-event-ticket-cta-border-color=\"#4A4A4A\"\n\tdata-event-ticket-cta-border-width=\"0px\"\n\tdata-event-ticket-cta-border-radius=\"2px\"\n\t\n\tdata-sold-out-button-text-color=\"#FFFFFF\"\n\tdata-sold-out-button-background-color=\"#4A4A4A\"\n\tdata-sold-out-button-border-color=\"#4A4A4A\"\n\tdata-sold-out-button-clickable=\"true\"\n\t\n\tdata-event-rsvp-position=\"hidden\"\n\tdata-event-rsvp-cta-size=\"medium\"\n\tdata-event-rsvp-only-show-icon=\"undefined\"\n\tdata-event-rsvp-text=\"RSVP\"\n\tdata-event-rsvp-icon=\"\"\n\tdata-event-rsvp-cta-text-color=\"#4A4A4A\"\n\tdata-event-rsvp-cta-bg-color=\"#FFFFFF\"\n\tdata-event-rsvp-cta-border-color=\"#4A4A4A\"\n\tdata-event-rsvp-cta-border-width=\"1px\"\n\tdata-event-rsvp-cta-border-radius=\"2px\"\n\t\n\tdata-follow-section-position=\"hidden\"\n\tdata-follow-section-alignment=\"center\"\n\tdata-follow-section-header-text=\"\"\n\tdata-follow-section-cta-size=\"small\"\n\tdata-follow-section-cta-text=\"FOLLOW\"\n\tdata-follow-section-cta-icon=\"\"\n\tdata-follow-section-cta-text-color=\"#FFFFFF\"\n\tdata-follow-section-cta-bg-color=\"#4A4A4A\"\n\tdata-follow-section-cta-border-color=\"#4A4A4A\"\n\tdata-follow-section-cta-border-width=\"0px\"\n\tdata-follow-section-cta-border-radius=\"2px\"\n\t\n\tdata-play-my-city-position=\"hidden\"\n\tdata-play-my-city-alignment=\"center\"\n\tdata-play-my-city-header-text=\"Don\u2019t see a show near you?\"\n\tdata-play-my-city-cta-size=\"medium\"\n\tdata-play-my-city-cta-text=\"REQUEST A SHOW\"\n\tdata-play-my-city-cta-icon=\"\"\n\tdata-play-my-city-cta-text-color=\"#FFFFFF\"\n\tdata-play-my-city-cta-bg-color=\"#4A4A4A\"\n\tdata-play-my-city-cta-border-color=\"#4A4A4A\"\n\tdata-play-my-city-cta-border-width=\"0px\"\n\tdata-play-my-city-cta-border-radius=\"2px\"\n\t\n\tdata-optin-font=\"\"\n\tdata-optin-text-color=\"\"\n\tdata-optin-bg-color=\"\"\n\tdata-optin-cta-text-color=\"\"\n\tdata-optin-cta-bg-color=\"\"\n\tdata-optin-cta-border-width=\"\"\n\tdata-optin-cta-border-radius=\"\"\n\tdata-optin-cta-border-color=\"\"\n\t\n\tdata-language=\"en\"\n\tdata-layout-breakpoint=\"900\"\n\tdata-app-id=\"\"\n\tdata-affil-code=\"\"\n\tdata-bit-logo-position=\"hidden\"\n\tdata-bit-logo-color=\"rgba(255,255,255,1)\"\n\t\n    ><\/a><\/div>\n\t\t\t\t\t\t<\/div>\n\t\t\t\t<\/div>\n\t\t\t\t<div class=\"elementor-element elementor-element-00075f3 elementor-widget elementor-widget-spacer\" data-id=\"00075f3\" data-element_type=\"widget\" data-widget_type=\"spacer.default\">\n\t\t\t\t<div class=\"elementor-widget-container\">\n\t\t\t\t\t\t\t<div class=\"elementor-spacer\">\n\t\t\t<div class=\"elementor-spacer-inner\"><\/div>\n\t\t<\/div>\n\t\t\t\t\t\t<\/div>\n\t\t\t\t<\/div>\n\t\t\t\t<section class=\"elementor-section elementor-inner-section elementor-element elementor-element-5021253 elementor-section-boxed elementor-section-height-default elementor-section-height-default neuron-fixed-no\" data-id=\"5021253\" data-element_type=\"section\">\n\t\t\t\t\t\t<div class=\"elementor-container elementor-column-gap-default\">\n\t\t\t\t\t<div class=\"elementor-column elementor-col-50 elementor-inner-column elementor-element elementor-element-22ec0f3\" data-id=\"22ec0f3\" data-element_type=\"column\">\n\t\t\t<div class=\"elementor-widget-wrap elementor-element-populated\">\n\t\t\t\t\t\t<div class=\"elementor-element elementor-element-fe58911 elementor-widget elementor-widget-video\" data-id=\"fe58911\" data-element_type=\"widget\" data-settings=\"{&quot;youtube_url&quot;:&quot;https:\\\/\\\/www.youtube.com\\\/watch?v=qtDpliaf7L8&quot;,&quot;lazy_load&quot;:&quot;yes&quot;,&quot;video_type&quot;:&quot;youtube&quot;,&quot;controls&quot;:&quot;yes&quot;}\" data-widget_type=\"video.default\">\n\t\t\t\t<div class=\"elementor-widget-container\">\n\t\t\t\t\t\t\t<div class=\"elementor-wrapper elementor-open-inline\">\n\t\t\t<div class=\"elementor-video\"><\/div>\t\t<\/div>\n\t\t\t\t\t\t<\/div>\n\t\t\t\t<\/div>\n\t\t\t\t\t<\/div>\n\t\t<\/div>\n\t\t\t\t<div class=\"elementor-column elementor-col-50 elementor-inner-column elementor-element elementor-element-2f74a7e\" data-id=\"2f74a7e\" data-element_type=\"column\">\n\t\t\t<div class=\"elementor-widget-wrap elementor-element-populated\">\n\t\t\t\t\t\t<div class=\"elementor-element elementor-element-1eea479 elementor-widget elementor-widget-video\" data-id=\"1eea479\" data-element_type=\"widget\" data-settings=\"{&quot;youtube_url&quot;:&quot;https:\\\/\\\/www.youtube.com\\\/watch?v=7C5CXXL7bJY&quot;,&quot;lazy_load&quot;:&quot;yes&quot;,&quot;video_type&quot;:&quot;youtube&quot;,&quot;controls&quot;:&quot;yes&quot;}\" data-widget_type=\"video.default\">\n\t\t\t\t<div class=\"elementor-widget-container\">\n\t\t\t\t\t\t\t<div class=\"elementor-wrapper elementor-open-inline\">\n\t\t\t<div class=\"elementor-video\"><\/div>\t\t<\/div>\n\t\t\t\t\t\t<\/div>\n\t\t\t\t<\/div>\n\t\t\t\t\t<\/div>\n\t\t<\/div>\n\t\t\t\t\t<\/div>\n\t\t<\/section>\n\t\t\t\t<div class=\"elementor-element elementor-element-241aaac elementor-widget elementor-widget-spacer\" data-id=\"241aaac\" data-element_type=\"widget\" data-widget_type=\"spacer.default\">\n\t\t\t\t<div class=\"elementor-widget-container\">\n\t\t\t\t\t\t\t<div class=\"elementor-spacer\">\n\t\t\t<div class=\"elementor-spacer-inner\"><\/div>\n\t\t<\/div>\n\t\t\t\t\t\t<\/div>\n\t\t\t\t<\/div>\n\t\t\t\t\t<\/div>\n\t\t<\/div>\n\t\t\t\t\t<\/div>\n\t\t<\/section>\n\t\t\t\t<\/div>\n\t\t","protected":false},"excerpt":{"rendered":"<p>Nuevo \u00e1lbum disponible Shopping-cart Spotify Youtube Deezer Apple Amazon Compra el \u00e1lbum Conciertos https:\/\/www.youtube.com\/watch?v=qtDpliaf7L8https:\/\/www.youtube.com\/watch?v=7C5CXXL7bJY<\/p>\n","protected":false},"author":2,"featured_media":0,"parent":0,"menu_order":0,"comment_status":"closed","ping_status":"closed","template":"","meta":{"_acf_changed":false,"footnotes":""},"class_list":["post-18455","page","type-page","status-publish","hentry"],"acf":[],"yoast_head":"<!-- This site is optimized with the Yoast SEO plugin v26.2 - https:\/\/yoast.com\/wordpress\/plugins\/seo\/ -->\n<title>Carola Ortiz<\/title>\n<meta name=\"description\" content=\"Naci\u00f3 el 15 de marzo del 1986 en Terrassa, hija de m\u00fasico de jazz y de madre vinculada al mundo del teatro. Creci\u00f3 musicalmente entre la Jazz Cava de Terrassa y el Conservatorio de la misma ciudad. Se sigui\u00f3 formando en el Taller de M\u00fasics y posteriormente en la ESMUC, en canto y en clarinete.\" \/>\n<meta name=\"robots\" content=\"index, follow, max-snippet:-1, max-image-preview:large, max-video-preview:-1\" \/>\n<link rel=\"canonical\" href=\"https:\/\/carolaortiz.com\/es\/\" \/>\n<meta property=\"og:locale\" content=\"es_ES\" \/>\n<meta property=\"og:type\" content=\"article\" \/>\n<meta property=\"og:title\" content=\"Carola Ortiz\" \/>\n<meta property=\"og:description\" content=\"Naci\u00f3 el 15 de marzo del 1986 en Terrassa, hija de m\u00fasico de jazz y de madre vinculada al mundo del teatro. Creci\u00f3 musicalmente entre la Jazz Cava de Terrassa y el Conservatorio de la misma ciudad. Se sigui\u00f3 formando en el Taller de M\u00fasics y posteriormente en la ESMUC, en canto y en clarinete.\" \/>\n<meta property=\"og:url\" content=\"https:\/\/carolaortiz.com\/es\/\" \/>\n<meta property=\"og:site_name\" content=\"Carola Ortiz\" \/>\n<meta property=\"article:publisher\" content=\"https:\/\/www.facebook.com\/Carola-Ortiz-Music-792306854153384\/?fref=ts\" \/>\n<meta property=\"article:modified_time\" content=\"2025-11-04T12:05:21+00:00\" \/>\n<meta property=\"og:image\" content=\"https:\/\/carolaortiz.com\/wp-content\/uploads\/2021\/04\/fbimage.png\" \/>\n\t<meta property=\"og:image:width\" content=\"1200\" \/>\n\t<meta property=\"og:image:height\" content=\"628\" \/>\n\t<meta property=\"og:image:type\" content=\"image\/png\" \/>\n<meta name=\"twitter:card\" content=\"summary_large_image\" \/>\n<meta name=\"twitter:title\" content=\"Carola Ortiz\" \/>\n<meta name=\"twitter:description\" content=\"Naci\u00f3 el 15 de marzo del 1986 en Terrassa, hija de m\u00fasico de jazz y de madre vinculada al mundo del teatro. Creci\u00f3 musicalmente entre la Jazz Cava de Terrassa y el Conservatorio de la misma ciudad. Se sigui\u00f3 formando en el Taller de M\u00fasics y posteriormente en la ESMUC, en canto y en clarinete.\" \/>\n<meta name=\"twitter:image\" content=\"https:\/\/carolaortiz.com\/wp-content\/uploads\/2021\/04\/fbimage.png\" \/>\n<meta name=\"twitter:label1\" content=\"Tiempo de lectura\" \/>\n\t<meta name=\"twitter:data1\" content=\"1 minuto\" \/>\n<script type=\"application\/ld+json\" class=\"yoast-schema-graph\">{\"@context\":\"https:\/\/schema.org\",\"@graph\":[{\"@type\":\"WebPage\",\"@id\":\"https:\/\/carolaortiz.com\/es\/\",\"url\":\"https:\/\/carolaortiz.com\/es\/\",\"name\":\"Carola Ortiz\",\"isPartOf\":{\"@id\":\"https:\/\/carolaortiz.com\/es\/#website\"},\"primaryImageOfPage\":{\"@id\":\"https:\/\/carolaortiz.com\/es\/#primaryimage\"},\"image\":{\"@id\":\"https:\/\/carolaortiz.com\/es\/#primaryimage\"},\"thumbnailUrl\":\"https:\/\/carolaortiz.com\/wp-content\/uploads\/2025\/10\/CAROLA_ORTIZ.jpg\",\"datePublished\":\"2023-11-08T09:11:41+00:00\",\"dateModified\":\"2025-11-04T12:05:21+00:00\",\"description\":\"Naci\u00f3 el 15 de marzo del 1986 en Terrassa, hija de m\u00fasico de jazz y de madre vinculada al mundo del teatro. Creci\u00f3 musicalmente entre la Jazz Cava de Terrassa y el Conservatorio de la misma ciudad. Se sigui\u00f3 formando en el Taller de M\u00fasics y posteriormente en la ESMUC, en canto y en clarinete.\",\"breadcrumb\":{\"@id\":\"https:\/\/carolaortiz.com\/es\/#breadcrumb\"},\"inLanguage\":\"es\",\"potentialAction\":[{\"@type\":\"ReadAction\",\"target\":[\"https:\/\/carolaortiz.com\/es\/\"]}]},{\"@type\":\"ImageObject\",\"inLanguage\":\"es\",\"@id\":\"https:\/\/carolaortiz.com\/es\/#primaryimage\",\"url\":\"https:\/\/carolaortiz.com\/wp-content\/uploads\/2025\/10\/CAROLA_ORTIZ.jpg\",\"contentUrl\":\"https:\/\/carolaortiz.com\/wp-content\/uploads\/2025\/10\/CAROLA_ORTIZ.jpg\"},{\"@type\":\"BreadcrumbList\",\"@id\":\"https:\/\/carolaortiz.com\/es\/#breadcrumb\",\"itemListElement\":[{\"@type\":\"ListItem\",\"position\":1,\"name\":\"Home\",\"item\":\"https:\/\/carolaortiz.com\/es\/\"},{\"@type\":\"ListItem\",\"position\":2,\"name\":\"Home\"}]},{\"@type\":\"WebSite\",\"@id\":\"https:\/\/carolaortiz.com\/es\/#website\",\"url\":\"https:\/\/carolaortiz.com\/es\/\",\"name\":\"Carola Ortiz\",\"description\":\"Cantant, clarinetista, compositora i viatgera. Ha participat en m\u00e9s de vint treballs discogr\u00e0fics de diferents g\u00e8neres incloent jazz, pop, folk, world i experimental.\",\"potentialAction\":[{\"@type\":\"SearchAction\",\"target\":{\"@type\":\"EntryPoint\",\"urlTemplate\":\"https:\/\/carolaortiz.com\/es\/?s={search_term_string}\"},\"query-input\":{\"@type\":\"PropertyValueSpecification\",\"valueRequired\":true,\"valueName\":\"search_term_string\"}}],\"inLanguage\":\"es\"}]}<\/script>\n<!-- \/ Yoast SEO plugin. -->","yoast_head_json":{"title":"Carola Ortiz","description":"Naci\u00f3 el 15 de marzo del 1986 en Terrassa, hija de m\u00fasico de jazz y de madre vinculada al mundo del teatro. Creci\u00f3 musicalmente entre la Jazz Cava de Terrassa y el Conservatorio de la misma ciudad. Se sigui\u00f3 formando en el Taller de M\u00fasics y posteriormente en la ESMUC, en canto y en clarinete.","robots":{"index":"index","follow":"follow","max-snippet":"max-snippet:-1","max-image-preview":"max-image-preview:large","max-video-preview":"max-video-preview:-1"},"canonical":"https:\/\/carolaortiz.com\/es\/","og_locale":"es_ES","og_type":"article","og_title":"Carola Ortiz","og_description":"Naci\u00f3 el 15 de marzo del 1986 en Terrassa, hija de m\u00fasico de jazz y de madre vinculada al mundo del teatro. Creci\u00f3 musicalmente entre la Jazz Cava de Terrassa y el Conservatorio de la misma ciudad. Se sigui\u00f3 formando en el Taller de M\u00fasics y posteriormente en la ESMUC, en canto y en clarinete.","og_url":"https:\/\/carolaortiz.com\/es\/","og_site_name":"Carola Ortiz","article_publisher":"https:\/\/www.facebook.com\/Carola-Ortiz-Music-792306854153384\/?fref=ts","article_modified_time":"2025-11-04T12:05:21+00:00","og_image":[{"width":1200,"height":628,"url":"https:\/\/carolaortiz.com\/wp-content\/uploads\/2021\/04\/fbimage.png","type":"image\/png"}],"twitter_card":"summary_large_image","twitter_title":"Carola Ortiz","twitter_description":"Naci\u00f3 el 15 de marzo del 1986 en Terrassa, hija de m\u00fasico de jazz y de madre vinculada al mundo del teatro. Creci\u00f3 musicalmente entre la Jazz Cava de Terrassa y el Conservatorio de la misma ciudad. Se sigui\u00f3 formando en el Taller de M\u00fasics y posteriormente en la ESMUC, en canto y en clarinete.","twitter_image":"https:\/\/carolaortiz.com\/wp-content\/uploads\/2021\/04\/fbimage.png","twitter_misc":{"Tiempo de lectura":"1 minuto"},"schema":{"@context":"https:\/\/schema.org","@graph":[{"@type":"WebPage","@id":"https:\/\/carolaortiz.com\/es\/","url":"https:\/\/carolaortiz.com\/es\/","name":"Carola Ortiz","isPartOf":{"@id":"https:\/\/carolaortiz.com\/es\/#website"},"primaryImageOfPage":{"@id":"https:\/\/carolaortiz.com\/es\/#primaryimage"},"image":{"@id":"https:\/\/carolaortiz.com\/es\/#primaryimage"},"thumbnailUrl":"https:\/\/carolaortiz.com\/wp-content\/uploads\/2025\/10\/CAROLA_ORTIZ.jpg","datePublished":"2023-11-08T09:11:41+00:00","dateModified":"2025-11-04T12:05:21+00:00","description":"Naci\u00f3 el 15 de marzo del 1986 en Terrassa, hija de m\u00fasico de jazz y de madre vinculada al mundo del teatro. Creci\u00f3 musicalmente entre la Jazz Cava de Terrassa y el Conservatorio de la misma ciudad. Se sigui\u00f3 formando en el Taller de M\u00fasics y posteriormente en la ESMUC, en canto y en clarinete.","breadcrumb":{"@id":"https:\/\/carolaortiz.com\/es\/#breadcrumb"},"inLanguage":"es","potentialAction":[{"@type":"ReadAction","target":["https:\/\/carolaortiz.com\/es\/"]}]},{"@type":"ImageObject","inLanguage":"es","@id":"https:\/\/carolaortiz.com\/es\/#primaryimage","url":"https:\/\/carolaortiz.com\/wp-content\/uploads\/2025\/10\/CAROLA_ORTIZ.jpg","contentUrl":"https:\/\/carolaortiz.com\/wp-content\/uploads\/2025\/10\/CAROLA_ORTIZ.jpg"},{"@type":"BreadcrumbList","@id":"https:\/\/carolaortiz.com\/es\/#breadcrumb","itemListElement":[{"@type":"ListItem","position":1,"name":"Home","item":"https:\/\/carolaortiz.com\/es\/"},{"@type":"ListItem","position":2,"name":"Home"}]},{"@type":"WebSite","@id":"https:\/\/carolaortiz.com\/es\/#website","url":"https:\/\/carolaortiz.com\/es\/","name":"Carola Ortiz","description":"Cantant, clarinetista, compositora i viatgera. Ha participat en m\u00e9s de vint treballs discogr\u00e0fics de diferents g\u00e8neres incloent jazz, pop, folk, world i experimental.","potentialAction":[{"@type":"SearchAction","target":{"@type":"EntryPoint","urlTemplate":"https:\/\/carolaortiz.com\/es\/?s={search_term_string}"},"query-input":{"@type":"PropertyValueSpecification","valueRequired":true,"valueName":"search_term_string"}}],"inLanguage":"es"}]}},"_links":{"self":[{"href":"https:\/\/carolaortiz.com\/es\/wp-json\/wp\/v2\/pages\/18455","targetHints":{"allow":["GET"]}}],"collection":[{"href":"https:\/\/carolaortiz.com\/es\/wp-json\/wp\/v2\/pages"}],"about":[{"href":"https:\/\/carolaortiz.com\/es\/wp-json\/wp\/v2\/types\/page"}],"author":[{"embeddable":true,"href":"https:\/\/carolaortiz.com\/es\/wp-json\/wp\/v2\/users\/2"}],"replies":[{"embeddable":true,"href":"https:\/\/carolaortiz.com\/es\/wp-json\/wp\/v2\/comments?post=18455"}],"version-history":[{"count":156,"href":"https:\/\/carolaortiz.com\/es\/wp-json\/wp\/v2\/pages\/18455\/revisions"}],"predecessor-version":[{"id":20333,"href":"https:\/\/carolaortiz.com\/es\/wp-json\/wp\/v2\/pages\/18455\/revisions\/20333"}],"wp:attachment":[{"href":"https:\/\/carolaortiz.com\/es\/wp-json\/wp\/v2\/media?parent=18455"}],"curies":[{"name":"wp","href":"https:\/\/api.w.org\/{rel}","templated":true}]}}